{"id":223,"date":"2021-11-16T05:04:25","date_gmt":"2021-11-16T04:04:25","guid":{"rendered":"http:\/\/tchibo2go.hu\/piacetto\/?page_id=223"},"modified":"2024-03-08T13:25:42","modified_gmt":"2024-03-08T12:25:42","slug":"coffee","status":"publish","type":"page","link":"https:\/\/tchibo2go.hu\/piacetto\/coffee\/","title":{"rendered":"Piacetto Caff\u00e8"},"content":{"rendered":"<p>A t\u00f6bb \u00e9vsz\u00e1zados olasz k\u00e1v\u00e9kultusz \u00e9s a barist\u00e1k szenved\u00e9lye a kiv\u00e1l\u00f3 k\u00e1v\u00e9 ir\u00e1nt ihlette a Piacetto pr\u00e9mium k\u00e1v\u00e9kat, amelyeket az ig\u00e9nyes k\u00e1v\u00e9im\u00e1d\u00f3k sz\u00e1m\u00e1ra k\u00edn\u00e1lnak. Csak a Rainforest Alliance tan\u00fas\u00edtv\u00e1nnyal rendelkez\u0151 gazdas\u00e1gok legfinomabb k\u00e1v\u00e9szemeib\u0151l k\u00e9sz\u00fclnek, a legmagasabb k\u00f6vetelm\u00e9nyeknek megfelel\u0151en ker\u00fclnek feldolgoz\u00e1sra \u00e9s egyenk\u00e9nt p\u00f6rk\u00f6l\u00e9sre, miel\u0151tt az ipar\u00e1gban elismert k\u00e1v\u00e9szak\u00e9rt\u0151ink ellen\u0151rizn\u00e9k az \u00edzt \u00e9s a min\u0151s\u00e9get.<\/p>\n","protected":false},"excerpt":{"rendered":"<p>A t\u00f6bb \u00e9vsz\u00e1zados olasz k\u00e1v\u00e9kultusz \u00e9s a barist\u00e1k szenved\u00e9lye a kiv\u00e1l\u00f3 k\u00e1v\u00e9 ir\u00e1nt ihlette a Piacetto pr\u00e9mium k\u00e1v\u00e9kat, amelyeket az ig\u00e9nyes k\u00e1v\u00e9im\u00e1d\u00f3k sz\u00e1m\u00e1ra k\u00edn\u00e1lnak. Csak a Rainforest Alliance tan\u00fas\u00edtv\u00e1nnyal rendelkez\u0151 gazdas\u00e1gok legfinomabb k\u00e1v\u00e9szemeib\u0151l k\u00e9sz\u00fclnek, a legmagasabb k\u00f6vetelm\u00e9nyeknek megfelel\u0151en ker\u00fclnek feldolgoz\u00e1sra \u00e9s egyenk\u00e9nt p\u00f6rk\u00f6l\u00e9sre, miel\u0151tt az ipar\u00e1gban elismert k\u00e1v\u00e9szak\u00e9rt\u0151ink ellen\u0151rizn\u00e9k az \u00edzt \u00e9s a min\u0151s\u00e9get.<\/p>\n","protected":false},"author":1,"featured_media":0,"parent":0,"menu_order":0,"comment_status":"closed","ping_status":"closed","template":"","meta":{"footnotes":""},"class_list":["post-223","page","type-page","status-publish","hentry"],"yoast_head":"<!-- This site is optimized with the Yoast SEO plugin v18.6 - https:\/\/yoast.com\/wordpress\/plugins\/seo\/ -->\n<title>Piacetto - olasz pr\u00e9mium k\u00e1v\u00e9<\/title>\n<meta name=\"description\" content=\"A Piacetto kiv\u00e1l\u00f3 olasz st\u00edlus\u00fa k\u00e1v\u00e9kat k\u00edn\u00e1l a min\u0151s\u00e9g ir\u00e1nt szenved\u00e9lyesen elhivatottak sz\u00e1m\u00e1ra. Fedezze fel pr\u00e9mium k\u00e1v\u00e9k\u00edn\u00e1latunkat!\" \/>\n<meta name=\"robots\" content=\"noindex, follow, max-snippet:-1, max-image-preview:large, max-video-preview:-1\" \/>\n<meta property=\"og:locale\" content=\"de_DE\" \/>\n<meta property=\"og:type\" content=\"article\" \/>\n<meta property=\"og:title\" content=\"Piacetto - olasz pr\u00e9mium k\u00e1v\u00e9\" \/>\n<meta property=\"og:description\" content=\"A Piacetto kiv\u00e1l\u00f3 olasz st\u00edlus\u00fa k\u00e1v\u00e9kat k\u00edn\u00e1l a min\u0151s\u00e9g ir\u00e1nt szenved\u00e9lyesen elhivatottak sz\u00e1m\u00e1ra. Fedezze fel pr\u00e9mium k\u00e1v\u00e9k\u00edn\u00e1latunkat!\" \/>\n<meta property=\"og:url\" content=\"https:\/\/tchibo2go.hu\/piacetto\/coffee\/\" \/>\n<meta property=\"og:site_name\" content=\"Piacetto\" \/>\n<meta property=\"article:modified_time\" content=\"2024-03-08T12:25:42+00:00\" \/>\n<meta name=\"twitter:card\" content=\"summary_large_image\" \/>\n<meta name=\"twitter:label1\" content=\"Gesch\u00e4tzte Lesezeit\" \/>\n\t<meta name=\"twitter:data1\" content=\"1\u00a0Minute\" \/>\n<script type=\"application\/ld+json\" class=\"yoast-schema-graph\">{\"@context\":\"https:\/\/schema.org\",\"@graph\":[{\"@type\":\"Organization\",\"@id\":\"https:\/\/tchibo2go.hu\/piacetto\/#organization\",\"name\":\"Tchibo2Go - Piacetto\",\"url\":\"https:\/\/tchibo2go.hu\/piacetto\/\",\"sameAs\":[],\"logo\":{\"@type\":\"ImageObject\",\"@id\":\"https:\/\/tchibo2go.hu\/piacetto\/#logo\",\"inLanguage\":\"de\",\"url\":\"https:\/\/tchibo2go.hu\/piacetto\/wp-content\/uploads\/sites\/3\/2021\/11\/Piacetto_logo-tile_RGB_RZ.svg\",\"contentUrl\":\"https:\/\/tchibo2go.hu\/piacetto\/wp-content\/uploads\/sites\/3\/2021\/11\/Piacetto_logo-tile_RGB_RZ.svg\",\"width\":\"1024\",\"height\":\"1024\",\"caption\":\"Tchibo2Go - Piacetto\"},\"image\":{\"@id\":\"https:\/\/tchibo2go.hu\/piacetto\/#logo\"}},{\"@type\":\"WebSite\",\"@id\":\"https:\/\/tchibo2go.hu\/piacetto\/#website\",\"url\":\"https:\/\/tchibo2go.hu\/piacetto\/\",\"name\":\"Piacetto\",\"description\":\"Eine weitere Tchibo2Go Websites Website\",\"publisher\":{\"@id\":\"https:\/\/tchibo2go.hu\/piacetto\/#organization\"},\"potentialAction\":[{\"@type\":\"SearchAction\",\"target\":{\"@type\":\"EntryPoint\",\"urlTemplate\":\"https:\/\/tchibo2go.hu\/piacetto\/?s={search_term_string}\"},\"query-input\":\"required name=search_term_string\"}],\"inLanguage\":\"de\"},{\"@type\":\"WebPage\",\"@id\":\"https:\/\/tchibo2go.hu\/piacetto\/coffee\/#webpage\",\"url\":\"https:\/\/tchibo2go.hu\/piacetto\/coffee\/\",\"name\":\"Piacetto - olasz pr\u00e9mium k\u00e1v\u00e9\",\"isPartOf\":{\"@id\":\"https:\/\/tchibo2go.hu\/piacetto\/#website\"},\"datePublished\":\"2021-11-16T04:04:25+00:00\",\"dateModified\":\"2024-03-08T12:25:42+00:00\",\"description\":\"A Piacetto kiv\u00e1l\u00f3 olasz st\u00edlus\u00fa k\u00e1v\u00e9kat k\u00edn\u00e1l a min\u0151s\u00e9g ir\u00e1nt szenved\u00e9lyesen elhivatottak sz\u00e1m\u00e1ra. Fedezze fel pr\u00e9mium k\u00e1v\u00e9k\u00edn\u00e1latunkat!\",\"breadcrumb\":{\"@id\":\"https:\/\/tchibo2go.hu\/piacetto\/coffee\/#breadcrumb\"},\"inLanguage\":\"de\",\"potentialAction\":[{\"@type\":\"ReadAction\",\"target\":[\"https:\/\/tchibo2go.hu\/piacetto\/coffee\/\"]}]},{\"@type\":\"BreadcrumbList\",\"@id\":\"https:\/\/tchibo2go.hu\/piacetto\/coffee\/#breadcrumb\",\"itemListElement\":[{\"@type\":\"ListItem\",\"position\":1,\"name\":\"Startseite\",\"item\":\"https:\/\/tchibo2go.hu\/piacetto\/\"},{\"@type\":\"ListItem\",\"position\":2,\"name\":\"Piacetto Caff\u00e8\"}]}]}<\/script>\n<!-- \/ Yoast SEO plugin. -->","yoast_head_json":{"title":"Piacetto - olasz pr\u00e9mium k\u00e1v\u00e9","description":"A Piacetto kiv\u00e1l\u00f3 olasz st\u00edlus\u00fa k\u00e1v\u00e9kat k\u00edn\u00e1l a min\u0151s\u00e9g ir\u00e1nt szenved\u00e9lyesen elhivatottak sz\u00e1m\u00e1ra. Fedezze fel pr\u00e9mium k\u00e1v\u00e9k\u00edn\u00e1latunkat!","robots":{"index":"noindex","follow":"follow","max-snippet":"max-snippet:-1","max-image-preview":"max-image-preview:large","max-video-preview":"max-video-preview:-1"},"og_locale":"de_DE","og_type":"article","og_title":"Piacetto - olasz pr\u00e9mium k\u00e1v\u00e9","og_description":"A Piacetto kiv\u00e1l\u00f3 olasz st\u00edlus\u00fa k\u00e1v\u00e9kat k\u00edn\u00e1l a min\u0151s\u00e9g ir\u00e1nt szenved\u00e9lyesen elhivatottak sz\u00e1m\u00e1ra. Fedezze fel pr\u00e9mium k\u00e1v\u00e9k\u00edn\u00e1latunkat!","og_url":"https:\/\/tchibo2go.hu\/piacetto\/coffee\/","og_site_name":"Piacetto","article_modified_time":"2024-03-08T12:25:42+00:00","twitter_card":"summary_large_image","twitter_misc":{"Gesch\u00e4tzte Lesezeit":"1\u00a0Minute"},"schema":{"@context":"https:\/\/schema.org","@graph":[{"@type":"Organization","@id":"https:\/\/tchibo2go.hu\/piacetto\/#organization","name":"Tchibo2Go - Piacetto","url":"https:\/\/tchibo2go.hu\/piacetto\/","sameAs":[],"logo":{"@type":"ImageObject","@id":"https:\/\/tchibo2go.hu\/piacetto\/#logo","inLanguage":"de","url":"https:\/\/tchibo2go.hu\/piacetto\/wp-content\/uploads\/sites\/3\/2021\/11\/Piacetto_logo-tile_RGB_RZ.svg","contentUrl":"https:\/\/tchibo2go.hu\/piacetto\/wp-content\/uploads\/sites\/3\/2021\/11\/Piacetto_logo-tile_RGB_RZ.svg","width":"1024","height":"1024","caption":"Tchibo2Go - Piacetto"},"image":{"@id":"https:\/\/tchibo2go.hu\/piacetto\/#logo"}},{"@type":"WebSite","@id":"https:\/\/tchibo2go.hu\/piacetto\/#website","url":"https:\/\/tchibo2go.hu\/piacetto\/","name":"Piacetto","description":"Eine weitere Tchibo2Go Websites Website","publisher":{"@id":"https:\/\/tchibo2go.hu\/piacetto\/#organization"},"potentialAction":[{"@type":"SearchAction","target":{"@type":"EntryPoint","urlTemplate":"https:\/\/tchibo2go.hu\/piacetto\/?s={search_term_string}"},"query-input":"required name=search_term_string"}],"inLanguage":"de"},{"@type":"WebPage","@id":"https:\/\/tchibo2go.hu\/piacetto\/coffee\/#webpage","url":"https:\/\/tchibo2go.hu\/piacetto\/coffee\/","name":"Piacetto - olasz pr\u00e9mium k\u00e1v\u00e9","isPartOf":{"@id":"https:\/\/tchibo2go.hu\/piacetto\/#website"},"datePublished":"2021-11-16T04:04:25+00:00","dateModified":"2024-03-08T12:25:42+00:00","description":"A Piacetto kiv\u00e1l\u00f3 olasz st\u00edlus\u00fa k\u00e1v\u00e9kat k\u00edn\u00e1l a min\u0151s\u00e9g ir\u00e1nt szenved\u00e9lyesen elhivatottak sz\u00e1m\u00e1ra. Fedezze fel pr\u00e9mium k\u00e1v\u00e9k\u00edn\u00e1latunkat!","breadcrumb":{"@id":"https:\/\/tchibo2go.hu\/piacetto\/coffee\/#breadcrumb"},"inLanguage":"de","potentialAction":[{"@type":"ReadAction","target":["https:\/\/tchibo2go.hu\/piacetto\/coffee\/"]}]},{"@type":"BreadcrumbList","@id":"https:\/\/tchibo2go.hu\/piacetto\/coffee\/#breadcrumb","itemListElement":[{"@type":"ListItem","position":1,"name":"Startseite","item":"https:\/\/tchibo2go.hu\/piacetto\/"},{"@type":"ListItem","position":2,"name":"Piacetto Caff\u00e8"}]}]}},"_links":{"self":[{"href":"https:\/\/tchibo2go.hu\/piacetto\/wp-json\/wp\/v2\/pages\/223","targetHints":{"allow":["GET"]}}],"collection":[{"href":"https:\/\/tchibo2go.hu\/piacetto\/wp-json\/wp\/v2\/pages"}],"about":[{"href":"https:\/\/tchibo2go.hu\/piacetto\/wp-json\/wp\/v2\/types\/page"}],"author":[{"embeddable":true,"href":"https:\/\/tchibo2go.hu\/piacetto\/wp-json\/wp\/v2\/users\/1"}],"replies":[{"embeddable":true,"href":"https:\/\/tchibo2go.hu\/piacetto\/wp-json\/wp\/v2\/comments?post=223"}],"version-history":[{"count":43,"href":"https:\/\/tchibo2go.hu\/piacetto\/wp-json\/wp\/v2\/pages\/223\/revisions"}],"predecessor-version":[{"id":480,"href":"https:\/\/tchibo2go.hu\/piacetto\/wp-json\/wp\/v2\/pages\/223\/revisions\/480"}],"wp:attachment":[{"href":"https:\/\/tchibo2go.hu\/piacetto\/wp-json\/wp\/v2\/media?parent=223"}],"curies":[{"name":"wp","href":"https:\/\/api.w.org\/{rel}","templated":true}]}}