{"id":206,"date":"2021-11-16T02:18:49","date_gmt":"2021-11-16T01:18:49","guid":{"rendered":"http:\/\/tchibo2go.hu\/piacetto\/?page_id=206"},"modified":"2023-11-20T17:35:09","modified_gmt":"2023-11-20T16:35:09","slug":"cups","status":"publish","type":"page","link":"https:\/\/tchibo2go.hu\/piacetto\/cups\/","title":{"rendered":"Coffee to go poharak Piacetto"},"content":{"rendered":"","protected":false},"excerpt":{"rendered":"","protected":false},"author":1,"featured_media":0,"parent":0,"menu_order":0,"comment_status":"closed","ping_status":"closed","template":"","meta":{"footnotes":""},"class_list":["post-206","page","type-page","status-publish","hentry"],"yoast_head":"<!-- This site is optimized with the Yoast SEO plugin v18.6 - https:\/\/yoast.com\/wordpress\/plugins\/seo\/ -->\n<title>Coffee to go poharak - Piacetto<\/title>\n<meta name=\"description\" content=\"A k\u00e1v\u00e9 kiv\u00e1l\u00f3 min\u0151s\u00e9g\u0171, k\u00fcl\u00f6nb\u00f6z\u0151 m\u00e9retekben el\u00e9rhet\u0151 Piacetto pap\u00edrpoharakban elvihet\u0151, t\u00f6k\u00e9letes kivitelben Tudjon meg t\u00f6bbet a Piacetto pap\u00edrpoharakr\u00f3l.\" \/>\n<meta name=\"robots\" content=\"noindex, follow, max-snippet:-1, max-image-preview:large, max-video-preview:-1\" \/>\n<meta property=\"og:locale\" content=\"de_DE\" \/>\n<meta property=\"og:type\" content=\"article\" \/>\n<meta property=\"og:title\" content=\"Coffee to go poharak - Piacetto\" \/>\n<meta property=\"og:description\" content=\"A k\u00e1v\u00e9 kiv\u00e1l\u00f3 min\u0151s\u00e9g\u0171, k\u00fcl\u00f6nb\u00f6z\u0151 m\u00e9retekben el\u00e9rhet\u0151 Piacetto pap\u00edrpoharakban elvihet\u0151, t\u00f6k\u00e9letes kivitelben Tudjon meg t\u00f6bbet a Piacetto pap\u00edrpoharakr\u00f3l.\" \/>\n<meta property=\"og:url\" content=\"https:\/\/tchibo2go.hu\/piacetto\/cups\/\" \/>\n<meta property=\"og:site_name\" content=\"Piacetto\" \/>\n<meta property=\"article:modified_time\" content=\"2023-11-20T16:35:09+00:00\" \/>\n<meta name=\"twitter:card\" content=\"summary_large_image\" \/>\n<script type=\"application\/ld+json\" class=\"yoast-schema-graph\">{\"@context\":\"https:\/\/schema.org\",\"@graph\":[{\"@type\":\"Organization\",\"@id\":\"https:\/\/tchibo2go.hu\/piacetto\/#organization\",\"name\":\"Tchibo2Go - Piacetto\",\"url\":\"https:\/\/tchibo2go.hu\/piacetto\/\",\"sameAs\":[],\"logo\":{\"@type\":\"ImageObject\",\"@id\":\"https:\/\/tchibo2go.hu\/piacetto\/#logo\",\"inLanguage\":\"de\",\"url\":\"https:\/\/tchibo2go.hu\/piacetto\/wp-content\/uploads\/sites\/3\/2021\/11\/Piacetto_logo-tile_RGB_RZ.svg\",\"contentUrl\":\"https:\/\/tchibo2go.hu\/piacetto\/wp-content\/uploads\/sites\/3\/2021\/11\/Piacetto_logo-tile_RGB_RZ.svg\",\"width\":\"1024\",\"height\":\"1024\",\"caption\":\"Tchibo2Go - Piacetto\"},\"image\":{\"@id\":\"https:\/\/tchibo2go.hu\/piacetto\/#logo\"}},{\"@type\":\"WebSite\",\"@id\":\"https:\/\/tchibo2go.hu\/piacetto\/#website\",\"url\":\"https:\/\/tchibo2go.hu\/piacetto\/\",\"name\":\"Piacetto\",\"description\":\"Eine weitere Tchibo2Go Websites Website\",\"publisher\":{\"@id\":\"https:\/\/tchibo2go.hu\/piacetto\/#organization\"},\"potentialAction\":[{\"@type\":\"SearchAction\",\"target\":{\"@type\":\"EntryPoint\",\"urlTemplate\":\"https:\/\/tchibo2go.hu\/piacetto\/?s={search_term_string}\"},\"query-input\":\"required name=search_term_string\"}],\"inLanguage\":\"de\"},{\"@type\":\"WebPage\",\"@id\":\"https:\/\/tchibo2go.hu\/piacetto\/cups\/#webpage\",\"url\":\"https:\/\/tchibo2go.hu\/piacetto\/cups\/\",\"name\":\"Coffee to go poharak - Piacetto\",\"isPartOf\":{\"@id\":\"https:\/\/tchibo2go.hu\/piacetto\/#website\"},\"datePublished\":\"2021-11-16T01:18:49+00:00\",\"dateModified\":\"2023-11-20T16:35:09+00:00\",\"description\":\"A k\u00e1v\u00e9 kiv\u00e1l\u00f3 min\u0151s\u00e9g\u0171, k\u00fcl\u00f6nb\u00f6z\u0151 m\u00e9retekben el\u00e9rhet\u0151 Piacetto pap\u00edrpoharakban elvihet\u0151, t\u00f6k\u00e9letes kivitelben Tudjon meg t\u00f6bbet a Piacetto pap\u00edrpoharakr\u00f3l.\",\"breadcrumb\":{\"@id\":\"https:\/\/tchibo2go.hu\/piacetto\/cups\/#breadcrumb\"},\"inLanguage\":\"de\",\"potentialAction\":[{\"@type\":\"ReadAction\",\"target\":[\"https:\/\/tchibo2go.hu\/piacetto\/cups\/\"]}]},{\"@type\":\"BreadcrumbList\",\"@id\":\"https:\/\/tchibo2go.hu\/piacetto\/cups\/#breadcrumb\",\"itemListElement\":[{\"@type\":\"ListItem\",\"position\":1,\"name\":\"Startseite\",\"item\":\"https:\/\/tchibo2go.hu\/piacetto\/\"},{\"@type\":\"ListItem\",\"position\":2,\"name\":\"Coffee to go poharak Piacetto\"}]}]}<\/script>\n<!-- \/ Yoast SEO plugin. -->","yoast_head_json":{"title":"Coffee to go poharak - Piacetto","description":"A k\u00e1v\u00e9 kiv\u00e1l\u00f3 min\u0151s\u00e9g\u0171, k\u00fcl\u00f6nb\u00f6z\u0151 m\u00e9retekben el\u00e9rhet\u0151 Piacetto pap\u00edrpoharakban elvihet\u0151, t\u00f6k\u00e9letes kivitelben Tudjon meg t\u00f6bbet a Piacetto pap\u00edrpoharakr\u00f3l.","robots":{"index":"noindex","follow":"follow","max-snippet":"max-snippet:-1","max-image-preview":"max-image-preview:large","max-video-preview":"max-video-preview:-1"},"og_locale":"de_DE","og_type":"article","og_title":"Coffee to go poharak - Piacetto","og_description":"A k\u00e1v\u00e9 kiv\u00e1l\u00f3 min\u0151s\u00e9g\u0171, k\u00fcl\u00f6nb\u00f6z\u0151 m\u00e9retekben el\u00e9rhet\u0151 Piacetto pap\u00edrpoharakban elvihet\u0151, t\u00f6k\u00e9letes kivitelben Tudjon meg t\u00f6bbet a Piacetto pap\u00edrpoharakr\u00f3l.","og_url":"https:\/\/tchibo2go.hu\/piacetto\/cups\/","og_site_name":"Piacetto","article_modified_time":"2023-11-20T16:35:09+00:00","twitter_card":"summary_large_image","schema":{"@context":"https:\/\/schema.org","@graph":[{"@type":"Organization","@id":"https:\/\/tchibo2go.hu\/piacetto\/#organization","name":"Tchibo2Go - Piacetto","url":"https:\/\/tchibo2go.hu\/piacetto\/","sameAs":[],"logo":{"@type":"ImageObject","@id":"https:\/\/tchibo2go.hu\/piacetto\/#logo","inLanguage":"de","url":"https:\/\/tchibo2go.hu\/piacetto\/wp-content\/uploads\/sites\/3\/2021\/11\/Piacetto_logo-tile_RGB_RZ.svg","contentUrl":"https:\/\/tchibo2go.hu\/piacetto\/wp-content\/uploads\/sites\/3\/2021\/11\/Piacetto_logo-tile_RGB_RZ.svg","width":"1024","height":"1024","caption":"Tchibo2Go - Piacetto"},"image":{"@id":"https:\/\/tchibo2go.hu\/piacetto\/#logo"}},{"@type":"WebSite","@id":"https:\/\/tchibo2go.hu\/piacetto\/#website","url":"https:\/\/tchibo2go.hu\/piacetto\/","name":"Piacetto","description":"Eine weitere Tchibo2Go Websites Website","publisher":{"@id":"https:\/\/tchibo2go.hu\/piacetto\/#organization"},"potentialAction":[{"@type":"SearchAction","target":{"@type":"EntryPoint","urlTemplate":"https:\/\/tchibo2go.hu\/piacetto\/?s={search_term_string}"},"query-input":"required name=search_term_string"}],"inLanguage":"de"},{"@type":"WebPage","@id":"https:\/\/tchibo2go.hu\/piacetto\/cups\/#webpage","url":"https:\/\/tchibo2go.hu\/piacetto\/cups\/","name":"Coffee to go poharak - Piacetto","isPartOf":{"@id":"https:\/\/tchibo2go.hu\/piacetto\/#website"},"datePublished":"2021-11-16T01:18:49+00:00","dateModified":"2023-11-20T16:35:09+00:00","description":"A k\u00e1v\u00e9 kiv\u00e1l\u00f3 min\u0151s\u00e9g\u0171, k\u00fcl\u00f6nb\u00f6z\u0151 m\u00e9retekben el\u00e9rhet\u0151 Piacetto pap\u00edrpoharakban elvihet\u0151, t\u00f6k\u00e9letes kivitelben Tudjon meg t\u00f6bbet a Piacetto pap\u00edrpoharakr\u00f3l.","breadcrumb":{"@id":"https:\/\/tchibo2go.hu\/piacetto\/cups\/#breadcrumb"},"inLanguage":"de","potentialAction":[{"@type":"ReadAction","target":["https:\/\/tchibo2go.hu\/piacetto\/cups\/"]}]},{"@type":"BreadcrumbList","@id":"https:\/\/tchibo2go.hu\/piacetto\/cups\/#breadcrumb","itemListElement":[{"@type":"ListItem","position":1,"name":"Startseite","item":"https:\/\/tchibo2go.hu\/piacetto\/"},{"@type":"ListItem","position":2,"name":"Coffee to go poharak Piacetto"}]}]}},"_links":{"self":[{"href":"https:\/\/tchibo2go.hu\/piacetto\/wp-json\/wp\/v2\/pages\/206","targetHints":{"allow":["GET"]}}],"collection":[{"href":"https:\/\/tchibo2go.hu\/piacetto\/wp-json\/wp\/v2\/pages"}],"about":[{"href":"https:\/\/tchibo2go.hu\/piacetto\/wp-json\/wp\/v2\/types\/page"}],"author":[{"embeddable":true,"href":"https:\/\/tchibo2go.hu\/piacetto\/wp-json\/wp\/v2\/users\/1"}],"replies":[{"embeddable":true,"href":"https:\/\/tchibo2go.hu\/piacetto\/wp-json\/wp\/v2\/comments?post=206"}],"version-history":[{"count":19,"href":"https:\/\/tchibo2go.hu\/piacetto\/wp-json\/wp\/v2\/pages\/206\/revisions"}],"predecessor-version":[{"id":468,"href":"https:\/\/tchibo2go.hu\/piacetto\/wp-json\/wp\/v2\/pages\/206\/revisions\/468"}],"wp:attachment":[{"href":"https:\/\/tchibo2go.hu\/piacetto\/wp-json\/wp\/v2\/media?parent=206"}],"curies":[{"name":"wp","href":"https:\/\/api.w.org\/{rel}","templated":true}]}}