{"id":118,"date":"2021-11-15T02:56:37","date_gmt":"2021-11-15T01:56:37","guid":{"rendered":"http:\/\/tchibo2go.hu\/piacetto\/?page_id=118"},"modified":"2024-03-08T13:26:43","modified_gmt":"2024-03-08T12:26:43","slug":"startseite","status":"publish","type":"page","link":"https:\/\/tchibo2go.hu\/piacetto\/","title":{"rendered":"Tchibo2Go &#8211; Piacetto"},"content":{"rendered":"","protected":false},"excerpt":{"rendered":"","protected":false},"author":1,"featured_media":0,"parent":0,"menu_order":0,"comment_status":"closed","ping_status":"closed","template":"","meta":{"footnotes":""},"class_list":["post-118","page","type-page","status-publish","hentry"],"yoast_head":"<!-- This site is optimized with the Yoast SEO plugin v18.6 - https:\/\/yoast.com\/wordpress\/plugins\/seo\/ -->\n<title>All inclusive \u00e9lm\u00e9ny, k\u00e1v\u00e9 elvitelre - Piacetto<\/title>\n<meta name=\"description\" content=\"Olaszorsz\u00e1g \u00edze: K\u00edn\u00e1lja v\u00e1s\u00e1rl\u00f3inak, \u00fcgyfeleinek a premium min\u0151s\u00e9g\u0171 Coffee-To-Go k\u00fcl\u00f6nlegess\u00e9geket \u00e9s maximaliz\u00e1lja a bev\u00e9tel\u00e9t. TuTudjon meg t\u00f6bbet a Piacetto2gor\u00f3l!\" \/>\n<meta name=\"robots\" content=\"noindex, follow, max-snippet:-1, max-image-preview:large, max-video-preview:-1\" \/>\n<meta property=\"og:locale\" content=\"de_DE\" \/>\n<meta property=\"og:type\" content=\"article\" \/>\n<meta property=\"og:title\" content=\"All inclusive \u00e9lm\u00e9ny, k\u00e1v\u00e9 elvitelre - Piacetto\" \/>\n<meta property=\"og:description\" content=\"Olaszorsz\u00e1g \u00edze: K\u00edn\u00e1lja v\u00e1s\u00e1rl\u00f3inak, \u00fcgyfeleinek a premium min\u0151s\u00e9g\u0171 Coffee-To-Go k\u00fcl\u00f6nlegess\u00e9geket \u00e9s maximaliz\u00e1lja a bev\u00e9tel\u00e9t. TuTudjon meg t\u00f6bbet a Piacetto2gor\u00f3l!\" \/>\n<meta property=\"og:url\" content=\"https:\/\/tchibo2go.hu\/piacetto\/\" \/>\n<meta property=\"og:site_name\" content=\"Piacetto\" \/>\n<meta property=\"article:modified_time\" content=\"2024-03-08T12:26:43+00:00\" \/>\n<meta name=\"twitter:card\" content=\"summary_large_image\" \/>\n<script type=\"application\/ld+json\" class=\"yoast-schema-graph\">{\"@context\":\"https:\/\/schema.org\",\"@graph\":[{\"@type\":\"Organization\",\"@id\":\"https:\/\/tchibo2go.hu\/piacetto\/#organization\",\"name\":\"Tchibo2Go - Piacetto\",\"url\":\"https:\/\/tchibo2go.hu\/piacetto\/\",\"sameAs\":[],\"logo\":{\"@type\":\"ImageObject\",\"@id\":\"https:\/\/tchibo2go.hu\/piacetto\/#logo\",\"inLanguage\":\"de\",\"url\":\"https:\/\/tchibo2go.hu\/piacetto\/wp-content\/uploads\/sites\/3\/2021\/11\/Piacetto_logo-tile_RGB_RZ.svg\",\"contentUrl\":\"https:\/\/tchibo2go.hu\/piacetto\/wp-content\/uploads\/sites\/3\/2021\/11\/Piacetto_logo-tile_RGB_RZ.svg\",\"width\":\"1024\",\"height\":\"1024\",\"caption\":\"Tchibo2Go - Piacetto\"},\"image\":{\"@id\":\"https:\/\/tchibo2go.hu\/piacetto\/#logo\"}},{\"@type\":\"WebSite\",\"@id\":\"https:\/\/tchibo2go.hu\/piacetto\/#website\",\"url\":\"https:\/\/tchibo2go.hu\/piacetto\/\",\"name\":\"Piacetto\",\"description\":\"Eine weitere Tchibo2Go Websites Website\",\"publisher\":{\"@id\":\"https:\/\/tchibo2go.hu\/piacetto\/#organization\"},\"potentialAction\":[{\"@type\":\"SearchAction\",\"target\":{\"@type\":\"EntryPoint\",\"urlTemplate\":\"https:\/\/tchibo2go.hu\/piacetto\/?s={search_term_string}\"},\"query-input\":\"required name=search_term_string\"}],\"inLanguage\":\"de\"},{\"@type\":\"WebPage\",\"@id\":\"https:\/\/tchibo2go.hu\/piacetto\/#webpage\",\"url\":\"https:\/\/tchibo2go.hu\/piacetto\/\",\"name\":\"All inclusive \u00e9lm\u00e9ny, k\u00e1v\u00e9 elvitelre - Piacetto\",\"isPartOf\":{\"@id\":\"https:\/\/tchibo2go.hu\/piacetto\/#website\"},\"datePublished\":\"2021-11-15T01:56:37+00:00\",\"dateModified\":\"2024-03-08T12:26:43+00:00\",\"description\":\"Olaszorsz\u00e1g \u00edze: K\u00edn\u00e1lja v\u00e1s\u00e1rl\u00f3inak, \u00fcgyfeleinek a premium min\u0151s\u00e9g\u0171 Coffee-To-Go k\u00fcl\u00f6nlegess\u00e9geket \u00e9s maximaliz\u00e1lja a bev\u00e9tel\u00e9t. TuTudjon meg t\u00f6bbet a Piacetto2gor\u00f3l!\",\"breadcrumb\":{\"@id\":\"https:\/\/tchibo2go.hu\/piacetto\/#breadcrumb\"},\"inLanguage\":\"de\",\"potentialAction\":[{\"@type\":\"ReadAction\",\"target\":[\"https:\/\/tchibo2go.hu\/piacetto\/\"]}]},{\"@type\":\"BreadcrumbList\",\"@id\":\"https:\/\/tchibo2go.hu\/piacetto\/#breadcrumb\",\"itemListElement\":[{\"@type\":\"ListItem\",\"position\":1,\"name\":\"Startseite\",\"item\":\"https:\/\/tchibo2go.hu\/piacetto\/\"},{\"@type\":\"ListItem\",\"position\":2,\"name\":\"Tchibo2Go &#8211; Piacetto\"}]}]}<\/script>\n<!-- \/ Yoast SEO plugin. -->","yoast_head_json":{"title":"All inclusive \u00e9lm\u00e9ny, k\u00e1v\u00e9 elvitelre - Piacetto","description":"Olaszorsz\u00e1g \u00edze: K\u00edn\u00e1lja v\u00e1s\u00e1rl\u00f3inak, \u00fcgyfeleinek a premium min\u0151s\u00e9g\u0171 Coffee-To-Go k\u00fcl\u00f6nlegess\u00e9geket \u00e9s maximaliz\u00e1lja a bev\u00e9tel\u00e9t. TuTudjon meg t\u00f6bbet a Piacetto2gor\u00f3l!","robots":{"index":"noindex","follow":"follow","max-snippet":"max-snippet:-1","max-image-preview":"max-image-preview:large","max-video-preview":"max-video-preview:-1"},"og_locale":"de_DE","og_type":"article","og_title":"All inclusive \u00e9lm\u00e9ny, k\u00e1v\u00e9 elvitelre - Piacetto","og_description":"Olaszorsz\u00e1g \u00edze: K\u00edn\u00e1lja v\u00e1s\u00e1rl\u00f3inak, \u00fcgyfeleinek a premium min\u0151s\u00e9g\u0171 Coffee-To-Go k\u00fcl\u00f6nlegess\u00e9geket \u00e9s maximaliz\u00e1lja a bev\u00e9tel\u00e9t. TuTudjon meg t\u00f6bbet a Piacetto2gor\u00f3l!","og_url":"https:\/\/tchibo2go.hu\/piacetto\/","og_site_name":"Piacetto","article_modified_time":"2024-03-08T12:26:43+00:00","twitter_card":"summary_large_image","schema":{"@context":"https:\/\/schema.org","@graph":[{"@type":"Organization","@id":"https:\/\/tchibo2go.hu\/piacetto\/#organization","name":"Tchibo2Go - Piacetto","url":"https:\/\/tchibo2go.hu\/piacetto\/","sameAs":[],"logo":{"@type":"ImageObject","@id":"https:\/\/tchibo2go.hu\/piacetto\/#logo","inLanguage":"de","url":"https:\/\/tchibo2go.hu\/piacetto\/wp-content\/uploads\/sites\/3\/2021\/11\/Piacetto_logo-tile_RGB_RZ.svg","contentUrl":"https:\/\/tchibo2go.hu\/piacetto\/wp-content\/uploads\/sites\/3\/2021\/11\/Piacetto_logo-tile_RGB_RZ.svg","width":"1024","height":"1024","caption":"Tchibo2Go - Piacetto"},"image":{"@id":"https:\/\/tchibo2go.hu\/piacetto\/#logo"}},{"@type":"WebSite","@id":"https:\/\/tchibo2go.hu\/piacetto\/#website","url":"https:\/\/tchibo2go.hu\/piacetto\/","name":"Piacetto","description":"Eine weitere Tchibo2Go Websites Website","publisher":{"@id":"https:\/\/tchibo2go.hu\/piacetto\/#organization"},"potentialAction":[{"@type":"SearchAction","target":{"@type":"EntryPoint","urlTemplate":"https:\/\/tchibo2go.hu\/piacetto\/?s={search_term_string}"},"query-input":"required name=search_term_string"}],"inLanguage":"de"},{"@type":"WebPage","@id":"https:\/\/tchibo2go.hu\/piacetto\/#webpage","url":"https:\/\/tchibo2go.hu\/piacetto\/","name":"All inclusive \u00e9lm\u00e9ny, k\u00e1v\u00e9 elvitelre - Piacetto","isPartOf":{"@id":"https:\/\/tchibo2go.hu\/piacetto\/#website"},"datePublished":"2021-11-15T01:56:37+00:00","dateModified":"2024-03-08T12:26:43+00:00","description":"Olaszorsz\u00e1g \u00edze: K\u00edn\u00e1lja v\u00e1s\u00e1rl\u00f3inak, \u00fcgyfeleinek a premium min\u0151s\u00e9g\u0171 Coffee-To-Go k\u00fcl\u00f6nlegess\u00e9geket \u00e9s maximaliz\u00e1lja a bev\u00e9tel\u00e9t. TuTudjon meg t\u00f6bbet a Piacetto2gor\u00f3l!","breadcrumb":{"@id":"https:\/\/tchibo2go.hu\/piacetto\/#breadcrumb"},"inLanguage":"de","potentialAction":[{"@type":"ReadAction","target":["https:\/\/tchibo2go.hu\/piacetto\/"]}]},{"@type":"BreadcrumbList","@id":"https:\/\/tchibo2go.hu\/piacetto\/#breadcrumb","itemListElement":[{"@type":"ListItem","position":1,"name":"Startseite","item":"https:\/\/tchibo2go.hu\/piacetto\/"},{"@type":"ListItem","position":2,"name":"Tchibo2Go &#8211; Piacetto"}]}]}},"_links":{"self":[{"href":"https:\/\/tchibo2go.hu\/piacetto\/wp-json\/wp\/v2\/pages\/118","targetHints":{"allow":["GET"]}}],"collection":[{"href":"https:\/\/tchibo2go.hu\/piacetto\/wp-json\/wp\/v2\/pages"}],"about":[{"href":"https:\/\/tchibo2go.hu\/piacetto\/wp-json\/wp\/v2\/types\/page"}],"author":[{"embeddable":true,"href":"https:\/\/tchibo2go.hu\/piacetto\/wp-json\/wp\/v2\/users\/1"}],"replies":[{"embeddable":true,"href":"https:\/\/tchibo2go.hu\/piacetto\/wp-json\/wp\/v2\/comments?post=118"}],"version-history":[{"count":64,"href":"https:\/\/tchibo2go.hu\/piacetto\/wp-json\/wp\/v2\/pages\/118\/revisions"}],"predecessor-version":[{"id":481,"href":"https:\/\/tchibo2go.hu\/piacetto\/wp-json\/wp\/v2\/pages\/118\/revisions\/481"}],"wp:attachment":[{"href":"https:\/\/tchibo2go.hu\/piacetto\/wp-json\/wp\/v2\/media?parent=118"}],"curies":[{"name":"wp","href":"https:\/\/api.w.org\/{rel}","templated":true}]}}